{"id":25486,"date":"2021-03-09T10:18:37","date_gmt":"2021-03-09T10:18:37","guid":{"rendered":"https:\/\/wiola.ee\/?page_id=25486"},"modified":"2024-07-18T11:13:10","modified_gmt":"2024-07-18T08:13:10","slug":"\u0441\u0432\u044f\u0437\u0430\u0442\u044c\u0441\u044f-\u0441","status":"publish","type":"page","link":"https:\/\/www.wiola.ee\/ru\/\u043a\u043e\u043d\u0442\u0430\u043a\u0442\/","title":{"rendered":"\u041a\u043e\u043d\u0442\u0430\u043a\u0442"},"content":{"rendered":"\t\t<div data-elementor-type=\"wp-page\" data-elementor-id=\"25486\" class=\"elementor elementor-25486\">\n\t\t\t\t\t\t<section class=\"elementor-section elementor-top-section elementor-element elementor-element-75602ff elementor-section-boxed elementor-section-height-default elementor-section-height-default\" data-id=\"75602ff\" data-element_type=\"section\" data-e-type=\"section\">\n\t\t\t\t\t\t<div class=\"elementor-container elementor-column-gap-default\">\n\t\t\t\t\t<div class=\"elementor-column elementor-col-100 elementor-top-column elementor-element elementor-element-10f3190\" data-id=\"10f3190\" data-element_type=\"column\" data-e-type=\"column\">\n\t\t\t<div class=\"elementor-widget-wrap elementor-element-populated\">\n\t\t\t\t\t\t<div class=\"elementor-element elementor-element-05dcd4c elementor-widget elementor-widget-heading\" data-id=\"05dcd4c\" data-element_type=\"widget\" data-e-type=\"widget\" data-widget_type=\"heading.default\">\n\t\t\t\t<div class=\"elementor-widget-container\">\n\t\t\t\t\t<h1 class=\"elementor-heading-title elementor-size-medium\">Kontakt<\/h1>\t\t\t\t<\/div>\n\t\t\t\t<\/div>\n\t\t\t\t\t<\/div>\n\t\t<\/div>\n\t\t\t\t\t<\/div>\n\t\t<\/section>\n\t\t\t\t<section class=\"elementor-section elementor-top-section elementor-element elementor-element-23a28c0 elementor-section-boxed elementor-section-height-default elementor-section-height-default\" data-id=\"23a28c0\" data-element_type=\"section\" data-e-type=\"section\">\n\t\t\t\t\t\t<div class=\"elementor-container elementor-column-gap-default\">\n\t\t\t\t\t<div class=\"elementor-column elementor-col-100 elementor-top-column elementor-element elementor-element-247b151\" data-id=\"247b151\" data-element_type=\"column\" data-e-type=\"column\">\n\t\t\t<div class=\"elementor-widget-wrap elementor-element-populated\">\n\t\t\t\t\t\t<section class=\"elementor-section elementor-inner-section elementor-element elementor-element-e2870dc elementor-section-boxed elementor-section-height-default elementor-section-height-default\" data-id=\"e2870dc\" data-element_type=\"section\" data-e-type=\"section\">\n\t\t\t\t\t\t<div class=\"elementor-container elementor-column-gap-default\">\n\t\t\t\t\t<div class=\"elementor-column elementor-col-50 elementor-inner-column elementor-element elementor-element-6881eb5\" data-id=\"6881eb5\" data-element_type=\"column\" data-e-type=\"column\">\n\t\t\t<div class=\"elementor-widget-wrap elementor-element-populated\">\n\t\t\t\t\t\t<div class=\"elementor-element elementor-element-60d43f8 elementor-widget elementor-widget-text-editor\" data-id=\"60d43f8\" data-element_type=\"widget\" data-e-type=\"widget\" data-widget_type=\"text-editor.default\">\n\t\t\t\t<div class=\"elementor-widget-container\">\n\t\t\t\t\t\t\t\t\t<p style=\"font-size: 19px; font-style: normal; font-weight: bold; font-family: Cairo, sans-serif;\">WIOLA EESTI O\u00dc<\/p><p style=\"font-size: 19px; font-style: normal; font-weight: bold; font-family: Cairo, sans-serif;\">Purde 39-24, Tartu, Tartumaa, 50106<\/p><p style=\"font-size: 19px; font-style: normal; font-weight: bold; font-family: Cairo, sans-serif;\">Reg nr. 16061883<\/p><p style=\"font-size: 19px; font-style: normal; font-weight: bold; font-family: Cairo, sans-serif;\">Telefon:\u00a0 <a href=\"tel:51923079\">51923079 <\/a>\/ <a href=\"tel:5281382\">5281382<\/a><\/p><p style=\"font-size: 19px; font-style: normal; font-weight: bold; font-family: Cairo, sans-serif;\">E-post: <a href=\"mailto:info@wiola.ee\">info@wiola.ee<\/a><\/p>\t\t\t\t\t\t\t\t<\/div>\n\t\t\t\t<\/div>\n\t\t\t\t\t<\/div>\n\t\t<\/div>\n\t\t\t\t<div class=\"elementor-column elementor-col-50 elementor-inner-column elementor-element elementor-element-e4047ad\" data-id=\"e4047ad\" data-element_type=\"column\" data-e-type=\"column\">\n\t\t\t<div class=\"elementor-widget-wrap elementor-element-populated\">\n\t\t\t\t\t\t<div class=\"elementor-element elementor-element-9e75306 elementor-widget elementor-widget-heading\" data-id=\"9e75306\" data-element_type=\"widget\" data-e-type=\"widget\" data-widget_type=\"heading.default\">\n\t\t\t\t<div class=\"elementor-widget-container\">\n\t\t\t\t\t<h2 class=\"elementor-heading-title elementor-size-medium\">V\u00f5ta meiega \u00fchendust<\/h2>\t\t\t\t<\/div>\n\t\t\t\t<\/div>\n\t\t\t\t<div class=\"elementor-element elementor-element-f415edc elementor-widget elementor-widget-shortcode\" data-id=\"f415edc\" data-element_type=\"widget\" data-e-type=\"widget\" data-widget_type=\"shortcode.default\">\n\t\t\t\t<div class=\"elementor-widget-container\">\n\t\t\t\t\t\t\t<div class=\"elementor-shortcode\"><div class=\"wpforms-container \" id=\"wpforms-28489\"><form id=\"wpforms-form-28489\" class=\"wpforms-validate wpforms-form wpforms-ajax-form\" data-formid=\"28489\" method=\"post\" enctype=\"multipart\/form-data\" action=\"\/ru\/wp-json\/wp\/v2\/pages\/25486\" data-token=\"a918ca611069d2b6e2e36f07d610a4f7\" data-token-time=\"1777635240\"><noscript class=\"wpforms-error-noscript\">\u0414\u043b\u044f \u0437\u0430\u043f\u043e\u043b\u043d\u0435\u043d\u0438\u044f \u0434\u0430\u043d\u043d\u043e\u0439 \u0444\u043e\u0440\u043c\u044b \u0432\u043a\u043b\u044e\u0447\u0438\u0442\u0435 JavaScript \u0432 \u0431\u0440\u0430\u0443\u0437\u0435\u0440\u0435.<\/noscript><div class=\"wpforms-field-container\"><div id=\"wpforms-28489-field_1-container\" class=\"wpforms-field wpforms-field-name\" data-field-id=\"1\"><label class=\"wpforms-field-label\" for=\"wpforms-28489-field_1\">Nimi <span class=\"wpforms-required-label\">*<\/span><\/label><input type=\"text\" id=\"wpforms-28489-field_1\" class=\"wpforms-field-large wpforms-field-required\" name=\"wpforms[fields][1]\" required><\/div><div id=\"wpforms-28489-field_2-container\" class=\"wpforms-field wpforms-field-email\" data-field-id=\"2\"><label class=\"wpforms-field-label\" for=\"wpforms-28489-field_2\">Email <span class=\"wpforms-required-label\">*<\/span><\/label><input type=\"email\" id=\"wpforms-28489-field_2\" class=\"wpforms-field-large wpforms-field-required\" name=\"wpforms[fields][2]\" spellcheck=\"false\" required><\/div><div id=\"wpforms-28489-field_3-container\" class=\"wpforms-field wpforms-field-number\" data-field-id=\"3\"><label class=\"wpforms-field-label\" for=\"wpforms-28489-field_3\">Telefon <span class=\"wpforms-required-label\">*<\/span><\/label><input type=\"number\" id=\"wpforms-28489-field_3\" class=\"wpforms-field-large wpforms-field-required\" name=\"wpforms[fields][3]\" required><\/div><div id=\"wpforms-28489-field_4-container\" class=\"wpforms-field wpforms-field-textarea\" data-field-id=\"4\"><label class=\"wpforms-field-label\" for=\"wpforms-28489-field_4\">S\u00f5num <span class=\"wpforms-required-label\">*<\/span><\/label><textarea id=\"wpforms-28489-field_4\" class=\"wpforms-field-medium wpforms-field-required\" name=\"wpforms[fields][4]\" required><\/textarea><\/div><\/div><!-- .wpforms-field-container --><div class=\"wpforms-recaptcha-container wpforms-is-recaptcha wpforms-is-recaptcha-type-v3\" ><input type=\"hidden\" name=\"wpforms[recaptcha]\" value=\"\"><\/div><div class=\"wpforms-submit-container\" ><input type=\"hidden\" name=\"wpforms[id]\" value=\"28489\"><input type=\"hidden\" name=\"page_title\" value=\"\"><input type=\"hidden\" name=\"page_url\" value=\"https:\/\/www.wiola.ee\/ru\/wp-json\/wp\/v2\/pages\/25486\"><button type=\"submit\" name=\"wpforms[submit]\" id=\"wpforms-submit-28489\" class=\"wpforms-submit\" data-alt-text=\"Saatmisel\" data-submit-text=\"Saada\" aria-live=\"assertive\" value=\"wpforms-submit\">Saada<\/button><img decoding=\"async\" src=\"https:\/\/www.wiola.ee\/wp-content\/plugins\/wpforms-lite\/assets\/images\/submit-spin.svg\" class=\"wpforms-submit-spinner\" style=\"display: none;\" width=\"26\" height=\"26\" alt=\"\u0417\u0430\u0433\u0440\u0443\u0437\u043a\u0430\"><\/div><\/form><\/div>  <!-- .wpforms-container --><\/div>\n\t\t\t\t\t\t<\/div>\n\t\t\t\t<\/div>\n\t\t\t\t\t<\/div>\n\t\t<\/div>\n\t\t\t\t\t<\/div>\n\t\t<\/section>\n\t\t\t\t\t<\/div>\n\t\t<\/div>\n\t\t\t\t\t<\/div>\n\t\t<\/section>\n\t\t\t\t<\/div>\n\t\t","protected":false},"excerpt":{"rendered":"<p>\u041a\u043e\u043d\u0442\u0430\u043a\u0442\u044b WIOLA EESTI O\u00dc \u041f\u0443\u0440\u0434\u0435 39-24, \u0422\u0430\u0440\u0442\u0443, \u0422\u0430\u0440\u0442\u0443\u043c\u0430\u0430, 50106 \u0420\u0435\u0433. \u043d\u043e\u043c\u0435\u0440 16061883 \u0422\u0435\u043b\u0435\u0444\u043e\u043d: 51923079 \/ 5281382 E-mail: info@wiola.ee \u041a\u043e\u043d\u0442\u0430\u043a\u0442\u044b<\/p>","protected":false},"author":1,"featured_media":0,"parent":0,"menu_order":0,"comment_status":"closed","ping_status":"closed","template":"","meta":{"site-sidebar-layout":"no-sidebar","site-content-layout":"page-builder","ast-site-content-layout":"full-width-container","site-content-style":"unboxed","site-sidebar-style":"unboxed","ast-global-header-display":"","ast-banner-title-visibility":"","ast-main-header-display":"","ast-hfb-above-header-display":"","ast-hfb-below-header-display":"","ast-hfb-mobile-header-display":"","site-post-title":"disabled","ast-breadcrumbs-content":"","ast-featured-img":"disabled","footer-sml-layout":"","theme-transparent-header-meta":"default","adv-header-id-meta":"","stick-header-meta":"","header-above-stick-meta":"","header-main-stick-meta":"","header-below-stick-meta":"","astra-migrate-meta-layouts":"set","ast-page-background-enabled":"default","ast-page-background-meta":{"desktop":{"background-color":"","background-image":"","background-repeat":"repeat","background-position":"center center","background-size":"auto","background-attachment":"scroll","background-type":"","background-media":"","overlay-type":"","overlay-color":"","overlay-gradient":""},"tablet":{"background-color":"","background-image":"","background-repeat":"repeat","background-position":"center center","background-size":"auto","background-attachment":"scroll","background-type":"","background-media":"","overlay-type":"","overlay-color":"","overlay-gradient":""},"mobile":{"background-color":"","background-image":"","background-repeat":"repeat","background-position":"center center","background-size":"auto","background-attachment":"scroll","background-type":"","background-media":"","overlay-type":"","overlay-color":"","overlay-gradient":""}},"ast-content-background-meta":{"desktop":{"background-color":"var(--ast-global-color-5)","background-image":"","background-repeat":"repeat","background-position":"center center","background-size":"auto","background-attachment":"scroll","background-type":"","background-media":"","overlay-type":"","overlay-color":"","overlay-gradient":""},"tablet":{"background-color":"var(--ast-global-color-5)","background-image":"","background-repeat":"repeat","background-position":"center center","background-size":"auto","background-attachment":"scroll","background-type":"","background-media":"","overlay-type":"","overlay-color":"","overlay-gradient":""},"mobile":{"background-color":"var(--ast-global-color-5)","background-image":"","background-repeat":"repeat","background-position":"center center","background-size":"auto","background-attachment":"scroll","background-type":"","background-media":"","overlay-type":"","overlay-color":"","overlay-gradient":""}},"footnotes":""},"class_list":["post-25486","page","type-page","status-publish","hentry"],"yoast_head":"<!-- This site is optimized with the Yoast SEO plugin v23.0 - https:\/\/yoast.com\/wordpress\/plugins\/seo\/ -->\n<title>Kontakt | V\u00f5ta \u00fchendust meiega | Wiola O\u00dc<\/title>\n<meta name=\"description\" content=\"Vastupidavad PVC hallid, katted, vaheseinad, kangasuksed ja laokardinad. Valmistame k\u00f5ik tooted vastavalt kliendi soovidele.\" \/>\n<meta name=\"robots\" content=\"index, follow, max-snippet:-1, max-image-preview:large, max-video-preview:-1\" \/>\n<link rel=\"canonical\" href=\"https:\/\/www.wiola.ee\/ru\/\u043a\u043e\u043d\u0442\u0430\u043a\u0442\/\" \/>\n<meta property=\"og:locale\" content=\"ru_RU\" \/>\n<meta property=\"og:type\" content=\"article\" \/>\n<meta property=\"og:title\" content=\"Kontakt | V\u00f5ta \u00fchendust meiega | Wiola O\u00dc\" \/>\n<meta property=\"og:description\" content=\"Vastupidavad PVC hallid, katted, vaheseinad, kangasuksed ja laokardinad. Valmistame k\u00f5ik tooted vastavalt kliendi soovidele.\" \/>\n<meta property=\"og:url\" content=\"https:\/\/www.wiola.ee\/ru\/\u043a\u043e\u043d\u0442\u0430\u043a\u0442\/\" \/>\n<meta property=\"og:site_name\" content=\"Wiola O\u00dc - K\u00f5ik PVC lahendused \u00fchest kohast\" \/>\n<meta property=\"article:publisher\" content=\"https:\/\/www.facebook.com\/WiolaHallid\" \/>\n<meta property=\"article:modified_time\" content=\"2024-07-18T08:13:10+00:00\" \/>\n<meta property=\"og:image\" content=\"https:\/\/www.wiola.ee\/wp-content\/uploads\/2024\/02\/Wiola-socials.png\" \/>\n\t<meta property=\"og:image:width\" content=\"1640\" \/>\n\t<meta property=\"og:image:height\" content=\"720\" \/>\n\t<meta property=\"og:image:type\" content=\"image\/png\" \/>\n<meta name=\"twitter:card\" content=\"summary_large_image\" \/>\n<meta name=\"twitter:label1\" content=\"\u041f\u0440\u0438\u043c\u0435\u0440\u043d\u043e\u0435 \u0432\u0440\u0435\u043c\u044f \u0434\u043b\u044f \u0447\u0442\u0435\u043d\u0438\u044f\" \/>\n\t<meta name=\"twitter:data1\" content=\"1 \u043c\u0438\u043d\u0443\u0442\u0430\" \/>\n<script type=\"application\/ld+json\" class=\"yoast-schema-graph\">{\"@context\":\"https:\/\/schema.org\",\"@graph\":[{\"@type\":[\"WebPage\",\"ContactPage\"],\"@id\":\"https:\/\/www.wiola.ee\/kontakt\/\",\"url\":\"https:\/\/www.wiola.ee\/kontakt\/\",\"name\":\"Kontakt | V\u00f5ta \u00fchendust meiega | Wiola O\u00dc\",\"isPartOf\":{\"@id\":\"https:\/\/www.wiola.ee\/#website\"},\"datePublished\":\"2021-03-09T10:18:37+00:00\",\"dateModified\":\"2024-07-18T08:13:10+00:00\",\"description\":\"Vastupidavad PVC hallid, katted, vaheseinad, kangasuksed ja laokardinad. Valmistame k\u00f5ik tooted vastavalt kliendi soovidele.\",\"breadcrumb\":{\"@id\":\"https:\/\/www.wiola.ee\/kontakt\/#breadcrumb\"},\"inLanguage\":\"ru-RU\",\"potentialAction\":[{\"@type\":\"ReadAction\",\"target\":[\"https:\/\/www.wiola.ee\/kontakt\/\"]}]},{\"@type\":\"BreadcrumbList\",\"@id\":\"https:\/\/www.wiola.ee\/kontakt\/#breadcrumb\",\"itemListElement\":[{\"@type\":\"ListItem\",\"position\":1,\"name\":\"Home\",\"item\":\"https:\/\/www.wiola.ee\/\"},{\"@type\":\"ListItem\",\"position\":2,\"name\":\"Kontakt\"}]},{\"@type\":\"WebSite\",\"@id\":\"https:\/\/www.wiola.ee\/#website\",\"url\":\"https:\/\/www.wiola.ee\/\",\"name\":\"Wiola O\u00dc\",\"description\":\"K\u00f5ik PVC lahendused \u00fchest kohast\",\"publisher\":{\"@id\":\"https:\/\/www.wiola.ee\/#organization\"},\"potentialAction\":[{\"@type\":\"SearchAction\",\"target\":{\"@type\":\"EntryPoint\",\"urlTemplate\":\"https:\/\/www.wiola.ee\/?s={search_term_string}\"},\"query-input\":\"required name=search_term_string\"}],\"inLanguage\":\"ru-RU\"},{\"@type\":\"Organization\",\"@id\":\"https:\/\/www.wiola.ee\/#organization\",\"name\":\"Wiola O\u00dc\",\"url\":\"https:\/\/www.wiola.ee\/\",\"logo\":{\"@type\":\"ImageObject\",\"inLanguage\":\"ru-RU\",\"@id\":\"https:\/\/www.wiola.ee\/#\/schema\/logo\/image\/\",\"url\":\"https:\/\/www.wiola.ee\/wp-content\/uploads\/2021\/03\/wiola.png\",\"contentUrl\":\"https:\/\/www.wiola.ee\/wp-content\/uploads\/2021\/03\/wiola.png\",\"width\":1402,\"height\":311,\"caption\":\"Wiola O\u00dc\"},\"image\":{\"@id\":\"https:\/\/www.wiola.ee\/#\/schema\/logo\/image\/\"},\"sameAs\":[\"https:\/\/www.facebook.com\/WiolaHallid\"]}]}<\/script>\n<!-- \/ Yoast SEO plugin. -->","yoast_head_json":{"title":"\u0421\u0432\u044f\u0436\u0438\u0442\u0435\u0441\u044c \u0441 \u043d\u0430\u043c\u0438 | \u0421\u0432\u044f\u0436\u0438\u0442\u0435\u0441\u044c \u0441 \u043d\u0430\u043c\u0438 | Wiola O\u00dc","description":"\u041f\u0440\u043e\u0447\u043d\u044b\u0435 \u041f\u0412\u0425-\u043f\u0430\u0432\u0438\u043b\u044c\u043e\u043d\u044b, \u043f\u043e\u043a\u0440\u044b\u0442\u0438\u044f, \u043f\u0435\u0440\u0435\u0433\u043e\u0440\u043e\u0434\u043a\u0438, \u0442\u043a\u0430\u043d\u0435\u0432\u044b\u0435 \u0434\u0432\u0435\u0440\u0438 \u0438 \u0441\u043a\u043b\u0430\u0434\u0441\u043a\u0438\u0435 \u0448\u0442\u043e\u0440\u044b. \u041c\u044b \u043f\u0440\u043e\u0438\u0437\u0432\u043e\u0434\u0438\u043c \u0432\u0441\u0435 \u0438\u0437\u0434\u0435\u043b\u0438\u044f \u0432 \u0441\u043e\u043e\u0442\u0432\u0435\u0442\u0441\u0442\u0432\u0438\u0438 \u0441 \u0442\u0440\u0435\u0431\u043e\u0432\u0430\u043d\u0438\u044f\u043c\u0438 \u0437\u0430\u043a\u0430\u0437\u0447\u0438\u043a\u0430.","robots":{"index":"index","follow":"follow","max-snippet":"max-snippet:-1","max-image-preview":"max-image-preview:large","max-video-preview":"max-video-preview:-1"},"canonical":"https:\/\/www.wiola.ee\/ru\/\u043a\u043e\u043d\u0442\u0430\u043a\u0442\/","og_locale":"ru_RU","og_type":"article","og_title":"Kontakt | V\u00f5ta \u00fchendust meiega | Wiola O\u00dc","og_description":"Vastupidavad PVC hallid, katted, vaheseinad, kangasuksed ja laokardinad. Valmistame k\u00f5ik tooted vastavalt kliendi soovidele.","og_url":"https:\/\/www.wiola.ee\/ru\/\u043a\u043e\u043d\u0442\u0430\u043a\u0442\/","og_site_name":"Wiola O\u00dc - K\u00f5ik PVC lahendused \u00fchest kohast","article_publisher":"https:\/\/www.facebook.com\/WiolaHallid","article_modified_time":"2024-07-18T08:13:10+00:00","og_image":[{"width":1640,"height":720,"url":"https:\/\/www.wiola.ee\/wp-content\/uploads\/2024\/02\/Wiola-socials.png","type":"image\/png"}],"twitter_card":"summary_large_image","twitter_misc":{"\u041f\u0440\u0438\u043c\u0435\u0440\u043d\u043e\u0435 \u0432\u0440\u0435\u043c\u044f \u0434\u043b\u044f \u0447\u0442\u0435\u043d\u0438\u044f":"1 \u043c\u0438\u043d\u0443\u0442\u0430"},"schema":{"@context":"https:\/\/schema.org","@graph":[{"@type":["WebPage","ContactPage"],"@id":"https:\/\/www.wiola.ee\/kontakt\/","url":"https:\/\/www.wiola.ee\/kontakt\/","name":"\u0421\u0432\u044f\u0436\u0438\u0442\u0435\u0441\u044c \u0441 \u043d\u0430\u043c\u0438 | \u0421\u0432\u044f\u0436\u0438\u0442\u0435\u0441\u044c \u0441 \u043d\u0430\u043c\u0438 | Wiola O\u00dc","isPartOf":{"@id":"https:\/\/www.wiola.ee\/#website"},"datePublished":"2021-03-09T10:18:37+00:00","dateModified":"2024-07-18T08:13:10+00:00","description":"\u041f\u0440\u043e\u0447\u043d\u044b\u0435 \u041f\u0412\u0425-\u043f\u0430\u0432\u0438\u043b\u044c\u043e\u043d\u044b, \u043f\u043e\u043a\u0440\u044b\u0442\u0438\u044f, \u043f\u0435\u0440\u0435\u0433\u043e\u0440\u043e\u0434\u043a\u0438, \u0442\u043a\u0430\u043d\u0435\u0432\u044b\u0435 \u0434\u0432\u0435\u0440\u0438 \u0438 \u0441\u043a\u043b\u0430\u0434\u0441\u043a\u0438\u0435 \u0448\u0442\u043e\u0440\u044b. \u041c\u044b \u043f\u0440\u043e\u0438\u0437\u0432\u043e\u0434\u0438\u043c \u0432\u0441\u0435 \u0438\u0437\u0434\u0435\u043b\u0438\u044f \u0432 \u0441\u043e\u043e\u0442\u0432\u0435\u0442\u0441\u0442\u0432\u0438\u0438 \u0441 \u0442\u0440\u0435\u0431\u043e\u0432\u0430\u043d\u0438\u044f\u043c\u0438 \u0437\u0430\u043a\u0430\u0437\u0447\u0438\u043a\u0430.","breadcrumb":{"@id":"https:\/\/www.wiola.ee\/kontakt\/#breadcrumb"},"inLanguage":"ru-RU","potentialAction":[{"@type":"ReadAction","target":["https:\/\/www.wiola.ee\/kontakt\/"]}]},{"@type":"BreadcrumbList","@id":"https:\/\/www.wiola.ee\/kontakt\/#breadcrumb","itemListElement":[{"@type":"ListItem","position":1,"name":"Home","item":"https:\/\/www.wiola.ee\/"},{"@type":"ListItem","position":2,"name":"Kontakt"}]},{"@type":"WebSite","@id":"https:\/\/www.wiola.ee\/#website","url":"https:\/\/www.wiola.ee\/","name":"Wiola O\u00dc","description":"\u0412\u0441\u0435 \u0440\u0435\u0448\u0435\u043d\u0438\u044f \u0438\u0437 \u041f\u0412\u0425 \u0432 \u043e\u0434\u043d\u043e\u043c \u043c\u0435\u0441\u0442\u0435","publisher":{"@id":"https:\/\/www.wiola.ee\/#organization"},"potentialAction":[{"@type":"SearchAction","target":{"@type":"EntryPoint","urlTemplate":"https:\/\/www.wiola.ee\/?s={search_term_string}"},"query-input":"required name=search_term_string"}],"inLanguage":"ru-RU"},{"@type":"Organization","@id":"https:\/\/www.wiola.ee\/#organization","name":"Wiola O\u00dc","url":"https:\/\/www.wiola.ee\/","logo":{"@type":"ImageObject","inLanguage":"ru-RU","@id":"https:\/\/www.wiola.ee\/#\/schema\/logo\/image\/","url":"https:\/\/www.wiola.ee\/wp-content\/uploads\/2021\/03\/wiola.png","contentUrl":"https:\/\/www.wiola.ee\/wp-content\/uploads\/2021\/03\/wiola.png","width":1402,"height":311,"caption":"Wiola O\u00dc"},"image":{"@id":"https:\/\/www.wiola.ee\/#\/schema\/logo\/image\/"},"sameAs":["https:\/\/www.facebook.com\/WiolaHallid"]}]}},"rttpg_featured_image_url":null,"rttpg_author":{"display_name":"wiola","author_link":"https:\/\/www.wiola.ee\/ru\/juhendid\/author\/wiola\/"},"rttpg_comment":0,"rttpg_category":null,"rttpg_excerpt":"Kontakt WIOLA EESTI O\u00dc Purde 39-24, Tartu, Tartumaa, 50106 Reg nr. 16061883 Telefon:\u00a0 51923079 \/ 5281382 E-post: info@wiola.ee V\u00f5ta meiega \u00fchendust","_links":{"self":[{"href":"https:\/\/www.wiola.ee\/ru\/wp-json\/wp\/v2\/pages\/25486","targetHints":{"allow":["GET"]}}],"collection":[{"href":"https:\/\/www.wiola.ee\/ru\/wp-json\/wp\/v2\/pages"}],"about":[{"href":"https:\/\/www.wiola.ee\/ru\/wp-json\/wp\/v2\/types\/page"}],"author":[{"embeddable":true,"href":"https:\/\/www.wiola.ee\/ru\/wp-json\/wp\/v2\/users\/1"}],"replies":[{"embeddable":true,"href":"https:\/\/www.wiola.ee\/ru\/wp-json\/wp\/v2\/comments?post=25486"}],"version-history":[{"count":5,"href":"https:\/\/www.wiola.ee\/ru\/wp-json\/wp\/v2\/pages\/25486\/revisions"}],"predecessor-version":[{"id":28496,"href":"https:\/\/www.wiola.ee\/ru\/wp-json\/wp\/v2\/pages\/25486\/revisions\/28496"}],"wp:attachment":[{"href":"https:\/\/www.wiola.ee\/ru\/wp-json\/wp\/v2\/media?parent=25486"}],"curies":[{"name":"wp","href":"https:\/\/api.w.org\/{rel}","templated":true}]}}