{"id":25971,"date":"2021-03-11T20:50:42","date_gmt":"2021-03-11T20:50:42","guid":{"rendered":"https:\/\/wiola.ee\/?page_id=25971"},"modified":"2024-03-08T09:46:43","modified_gmt":"2024-03-08T07:46:43","slug":"palvelut","status":"publish","type":"page","link":"https:\/\/www.wiola.ee\/fi\/palvelut\/","title":{"rendered":"Palvelut"},"content":{"rendered":"<div data-elementor-type=\"wp-page\" data-elementor-id=\"25971\" class=\"elementor elementor-25971\">\n\t\t\t\t<div class=\"elementor-element elementor-element-404e199 e-flex e-con-boxed e-con e-parent\" data-id=\"404e199\" data-element_type=\"container\" data-e-type=\"container\">\n\t\t\t\t\t<div class=\"e-con-inner\">\n\t\t<div class=\"elementor-element elementor-element-0c01b6e e-flex e-con-boxed e-con e-child\" data-id=\"0c01b6e\" data-element_type=\"container\" data-e-type=\"container\">\n\t\t\t\t\t<div class=\"e-con-inner\">\n\t\t\t\t<div class=\"elementor-element elementor-element-9debf5a elementor-widget elementor-widget-heading\" data-id=\"9debf5a\" data-element_type=\"widget\" data-e-type=\"widget\" data-widget_type=\"heading.default\">\n\t\t\t\t<div class=\"elementor-widget-container\">\n\t\t\t\t\t<h1 class=\"elementor-heading-title elementor-size-default\">PALVELUT<\/h1>\t\t\t\t<\/div>\n\t\t\t\t<\/div>\n\t\t\t\t\t<\/div>\n\t\t\t\t<\/div>\n\t\t\t\t\t<\/div>\n\t\t\t\t<\/div>\n\t\t\t\t<section class=\"elementor-section elementor-top-section elementor-element elementor-element-6fed55f2 elementor-section-boxed elementor-section-height-default elementor-section-height-default\" data-id=\"6fed55f2\" data-element_type=\"section\" data-e-type=\"section\">\n\t\t\t\t\t\t<div class=\"elementor-container elementor-column-gap-default\">\n\t\t\t\t\t<div class=\"elementor-column elementor-col-100 elementor-top-column elementor-element elementor-element-113d7552\" data-id=\"113d7552\" data-element_type=\"column\" data-e-type=\"column\">\n\t\t\t<div class=\"elementor-widget-wrap elementor-element-populated\">\n\t\t\t\t\t\t<div class=\"elementor-element elementor-element-8d8dbce elementor-widget elementor-widget-heading\" data-id=\"8d8dbce\" data-element_type=\"widget\" data-e-type=\"widget\" data-widget_type=\"heading.default\">\n\t\t\t\t<div class=\"elementor-widget-container\">\n\t\t\t\t\t<h2 class=\"elementor-heading-title elementor-size-default\">Suunnittelu<\/h2>\t\t\t\t<\/div>\n\t\t\t\t<\/div>\n\t\t\t\t<section class=\"elementor-section elementor-inner-section elementor-element elementor-element-302aa226 elementor-section-boxed elementor-section-height-default elementor-section-height-default\" data-id=\"302aa226\" data-element_type=\"section\" data-e-type=\"section\">\n\t\t\t\t\t\t<div class=\"elementor-container elementor-column-gap-default\">\n\t\t\t\t\t<div class=\"elementor-column elementor-col-50 elementor-inner-column elementor-element elementor-element-1f80fa2d\" data-id=\"1f80fa2d\" data-element_type=\"column\" data-e-type=\"column\">\n\t\t\t<div class=\"elementor-widget-wrap elementor-element-populated\">\n\t\t\t\t\t\t<div class=\"elementor-element elementor-element-2553de9d elementor-widget elementor-widget-text-editor\" data-id=\"2553de9d\" data-element_type=\"widget\" data-e-type=\"widget\" data-widget_type=\"text-editor.default\">\n\t\t\t\t<div class=\"elementor-widget-container\">\n\t\t\t\t\t\t\t\t\t<p class=\" translation-block\">Suunnittelemme PVC-hallit juuri sinun tarpeidesi ja mittojesi mukaan. Suunnittelijamme valmistelevat sek\u00e4 rakennushankkeen ett\u00e4 p\u00e4\u00e4suunnitelman rakennusluvan edellytt\u00e4m\u00e4ss\u00e4 esisuunnitteluvaiheessa ja tarvittaessa tarjoamme apua k\u00e4ytt\u00f6lupaan asti.<\/p>\n<p class=\" translation-block\">Kaikkien hallien suunnittelussa otamme huomioon hallin sijainnin, pinnan tai pohjan, jolle halli asennetaan, lumikuorman sek\u00e4 tuulikuorman vaatimukset sek\u00e4 teemme suunnitelman hallin sijainnin sek\u00e4 s\u00e4ilytystarkoituksen mukaan. . Suunnittelussa noudatamme Pelastusviranomaisen asettamia vaatimuksia ja hallin soveltuvuutta kaavaan.<\/p>\n<p class=\" translation-block\">Hallimetallirunkomme on suunniteltu p\u00e4\u00e4asiassa Viron tai Suomen ilmastoon ja siksi niiden paino on yleens\u00e4 noin 20 kg\/m2. T\u00e4m\u00e4 takaa my\u00f6s sen, ett\u00e4 PVC-hallia voidaan my\u00f6hemmin muuttaa ja esimerkiksi halutessa muuttaa eristetyksi halliksi. Hallimme eiv\u00e4t ole kes\u00e4k\u00e4ytt\u00f6\u00f6n tarkoitettuja kevytrakenteisia halleja, vaan vuosikymmeni\u00e4 kest\u00e4vi\u00e4 rakennuksia.<\/p>\t\t\t\t\t\t\t\t<\/div>\n\t\t\t\t<\/div>\n\t\t\t\t\t<\/div>\n\t\t<\/div>\n\t\t\t\t<div class=\"elementor-column elementor-col-50 elementor-inner-column elementor-element elementor-element-5276eb93\" data-id=\"5276eb93\" data-element_type=\"column\" data-e-type=\"column\">\n\t\t\t<div class=\"elementor-widget-wrap elementor-element-populated\">\n\t\t\t\t\t\t<div class=\"elementor-element elementor-element-18df806 elementor-widget elementor-widget-image\" data-id=\"18df806\" data-element_type=\"widget\" data-e-type=\"widget\" data-widget_type=\"image.default\">\n\t\t\t\t<div class=\"elementor-widget-container\">\n\t\t\t\t\t\t\t\t\t\t\t\t\t\t\t<img fetchpriority=\"high\" decoding=\"async\" width=\"1024\" height=\"668\" src=\"https:\/\/www.wiola.ee\/wp-content\/uploads\/2021\/03\/DSC_6132-uus-1024x668.jpg\" class=\"attachment-large size-large wp-image-25086\" alt=\"suunnittelu\" \/>\t\t\t\t\t\t\t\t\t\t\t\t\t\t\t<\/div>\n\t\t\t\t<\/div>\n\t\t\t\t\t<\/div>\n\t\t<\/div>\n\t\t\t\t\t<\/div>\n\t\t<\/section>\n\t\t\t\t\t<\/div>\n\t\t<\/div>\n\t\t\t\t\t<\/div>\n\t\t<\/section>\n\t\t\t\t<section class=\"elementor-section elementor-top-section elementor-element elementor-element-297d5d3c elementor-section-boxed elementor-section-height-default elementor-section-height-default\" data-id=\"297d5d3c\" data-element_type=\"section\" data-e-type=\"section\">\n\t\t\t\t\t\t<div class=\"elementor-container elementor-column-gap-default\">\n\t\t\t\t\t<div class=\"elementor-column elementor-col-100 elementor-top-column elementor-element elementor-element-2444f09e\" data-id=\"2444f09e\" data-element_type=\"column\" data-e-type=\"column\">\n\t\t\t<div class=\"elementor-widget-wrap elementor-element-populated\">\n\t\t\t\t\t\t<div class=\"elementor-element elementor-element-8b395fd elementor-widget elementor-widget-heading\" data-id=\"8b395fd\" data-element_type=\"widget\" data-e-type=\"widget\" data-widget_type=\"heading.default\">\n\t\t\t\t<div class=\"elementor-widget-container\">\n\t\t\t\t\t<h2 class=\"elementor-heading-title elementor-size-default\">Asennuspalvelu<\/h2>\t\t\t\t<\/div>\n\t\t\t\t<\/div>\n\t\t\t\t<section class=\"elementor-section elementor-inner-section elementor-element elementor-element-31206296 elementor-section-boxed elementor-section-height-default elementor-section-height-default\" data-id=\"31206296\" data-element_type=\"section\" data-e-type=\"section\">\n\t\t\t\t\t\t<div class=\"elementor-container elementor-column-gap-default\">\n\t\t\t\t\t<div class=\"elementor-column elementor-col-50 elementor-inner-column elementor-element elementor-element-308ed836\" data-id=\"308ed836\" data-element_type=\"column\" data-e-type=\"column\">\n\t\t\t<div class=\"elementor-widget-wrap elementor-element-populated\">\n\t\t\t\t\t\t<div class=\"elementor-element elementor-element-558bdf25 elementor-widget elementor-widget-text-editor\" data-id=\"558bdf25\" data-element_type=\"widget\" data-e-type=\"widget\" data-widget_type=\"text-editor.default\">\n\t\t\t\t<div class=\"elementor-widget-container\">\n\t\t\t\t\t\t\t\t\t<p class=\" translation-block\">PVC-hallin asennus on nopeaa muihin rakennuksiin verrattuna:<\/p><ul><li class=\" translation-block\">Hallikomponentit toimitetaan asiakkaan valmistamalle asfaltti- tai betonialustalle.<\/li><li class=\" translation-block\">Halli ankkuroidaan tukevasti ja pysyv\u00e4sti asfalttiin tai betoniin.<\/li><li class=\" translation-block\">Asennustiimimme varmistaa laadun ja turvallisuuden rakennusty\u00f6maalla.<\/li><\/ul>\t\t\t\t\t\t\t\t<\/div>\n\t\t\t\t<\/div>\n\t\t\t\t\t<\/div>\n\t\t<\/div>\n\t\t\t\t<div class=\"elementor-column elementor-col-50 elementor-inner-column elementor-element elementor-element-36df4926\" data-id=\"36df4926\" data-element_type=\"column\" data-e-type=\"column\">\n\t\t\t<div class=\"elementor-widget-wrap elementor-element-populated\">\n\t\t\t\t\t\t<div class=\"elementor-element elementor-element-227e7fd6 elementor-widget elementor-widget-image\" data-id=\"227e7fd6\" data-element_type=\"widget\" data-e-type=\"widget\" data-widget_type=\"image.default\">\n\t\t\t\t<div class=\"elementor-widget-container\">\n\t\t\t\t\t\t\t\t\t\t\t\t\t\t\t<img decoding=\"async\" width=\"1024\" height=\"768\" src=\"https:\/\/www.wiola.ee\/wp-content\/uploads\/2021\/03\/Vara-Tent-1024x768.jpg\" class=\"attachment-large size-large wp-image-25107\" alt=\"asennus\" \/>\t\t\t\t\t\t\t\t\t\t\t\t\t\t\t<\/div>\n\t\t\t\t<\/div>\n\t\t\t\t\t<\/div>\n\t\t<\/div>\n\t\t\t\t\t<\/div>\n\t\t<\/section>\n\t\t\t\t\t<\/div>\n\t\t<\/div>\n\t\t\t\t\t<\/div>\n\t\t<\/section>\n\t\t\t\t<section class=\"elementor-section elementor-top-section elementor-element elementor-element-2a47a87 elementor-section-boxed elementor-section-height-default elementor-section-height-default\" data-id=\"2a47a87\" data-element_type=\"section\" data-e-type=\"section\">\n\t\t\t\t\t\t<div class=\"elementor-container elementor-column-gap-default\">\n\t\t\t\t\t<div class=\"elementor-column elementor-col-100 elementor-top-column elementor-element elementor-element-2f54048a\" data-id=\"2f54048a\" data-element_type=\"column\" data-e-type=\"column\">\n\t\t\t<div class=\"elementor-widget-wrap elementor-element-populated\">\n\t\t\t\t\t\t<div class=\"elementor-element elementor-element-11ce899 elementor-widget elementor-widget-heading\" data-id=\"11ce899\" data-element_type=\"widget\" data-e-type=\"widget\" data-widget_type=\"heading.default\">\n\t\t\t\t<div class=\"elementor-widget-container\">\n\t\t\t\t\t<h2 class=\"elementor-heading-title elementor-size-default\">Huolto<\/h2>\t\t\t\t<\/div>\n\t\t\t\t<\/div>\n\t\t\t\t<section class=\"elementor-section elementor-inner-section elementor-element elementor-element-6d23c100 elementor-section-boxed elementor-section-height-default elementor-section-height-default\" data-id=\"6d23c100\" data-element_type=\"section\" data-e-type=\"section\">\n\t\t\t\t\t\t<div class=\"elementor-container elementor-column-gap-default\">\n\t\t\t\t\t<div class=\"elementor-column elementor-col-50 elementor-inner-column elementor-element elementor-element-56d8e254\" data-id=\"56d8e254\" data-element_type=\"column\" data-e-type=\"column\">\n\t\t\t<div class=\"elementor-widget-wrap elementor-element-populated\">\n\t\t\t\t\t\t<div class=\"elementor-element elementor-element-379a46a5 elementor-widget elementor-widget-text-editor\" data-id=\"379a46a5\" data-element_type=\"widget\" data-e-type=\"widget\" data-widget_type=\"text-editor.default\">\n\t\t\t\t<div class=\"elementor-widget-container\">\n\t\t\t\t\t\t\t\t\t<ul><li style=\"font-size: 14.592px;\" class=\" translation-block\">PVC - hallin yll\u00e4pitokustannukset ovat alhaiset ja hallia on  helppo huoltaa.<\/li><li style=\"font-size: 14.592px;\" class=\" translation-block\">Tiimimme tekee kaikki halliin liittyv\u00e4t korjaus- ja huoltoty\u00f6t.<\/li><li style=\"font-size: 14.592px;\" class=\" translation-block\">Jokaisen huoltoty\u00f6n j\u00e4lkeen arvioimme hallinne yleiskunnon ja annamme ammattitaitoista neuvontaa rakennuksen kunnosta.<\/li><\/ul>\t\t\t\t\t\t\t\t<\/div>\n\t\t\t\t<\/div>\n\t\t\t\t\t<\/div>\n\t\t<\/div>\n\t\t\t\t<div class=\"elementor-column elementor-col-50 elementor-inner-column elementor-element elementor-element-4b0c7708\" data-id=\"4b0c7708\" data-element_type=\"column\" data-e-type=\"column\">\n\t\t\t<div class=\"elementor-widget-wrap elementor-element-populated\">\n\t\t\t\t\t\t<div class=\"elementor-element elementor-element-21d5e65c elementor-widget elementor-widget-image\" data-id=\"21d5e65c\" data-element_type=\"widget\" data-e-type=\"widget\" data-widget_type=\"image.default\">\n\t\t\t\t<div class=\"elementor-widget-container\">\n\t\t\t\t\t\t\t\t\t\t\t\t\t\t\t<img decoding=\"async\" width=\"1024\" height=\"684\" src=\"https:\/\/www.wiola.ee\/wp-content\/uploads\/2021\/03\/DSC01230-1024x684.jpg\" class=\"attachment-large size-large wp-image-25087\" alt=\"Huolto\" \/>\t\t\t\t\t\t\t\t\t\t\t\t\t\t\t<\/div>\n\t\t\t\t<\/div>\n\t\t\t\t\t<\/div>\n\t\t<\/div>\n\t\t\t\t\t<\/div>\n\t\t<\/section>\n\t\t\t\t\t<\/div>\n\t\t<\/div>\n\t\t\t\t\t<\/div>\n\t\t<\/section>\n\t\t\t\t<\/div>","protected":false},"excerpt":{"rendered":"<p>TEENUSED Projekteerimine Projekteerime PVC halli t\u00e4pselt Teie vajadusele ja m\u00f5\u00f5tudele. Meie projekteerijad koostavad nii ehitusloa jaoks vajaliku eelprojekti staadiumis ehitusprojekti kui ka p\u00f5hiprojekti ning vajadusel pakume abi kuni kasutusloani v\u00e4lja.&nbsp; K\u00f5ikide hallide projekteerimisel v\u00f5etakse arvesse halli asukohta, pinnast v\u00f5i alust, kuhu hall paigaldatakse, lumekoormust ja tuulekoormust vastavalt halli asukohale ja otstarvet, mida hallis hoidma hakatakse. [&hellip;]<\/p>\n","protected":false},"author":1,"featured_media":0,"parent":0,"menu_order":0,"comment_status":"closed","ping_status":"closed","template":"","meta":{"site-sidebar-layout":"no-sidebar","site-content-layout":"page-builder","ast-site-content-layout":"full-width-container","site-content-style":"unboxed","site-sidebar-style":"unboxed","ast-global-header-display":"","ast-banner-title-visibility":"","ast-main-header-display":"","ast-hfb-above-header-display":"","ast-hfb-below-header-display":"","ast-hfb-mobile-header-display":"","site-post-title":"disabled","ast-breadcrumbs-content":"","ast-featured-img":"disabled","footer-sml-layout":"","theme-transparent-header-meta":"default","adv-header-id-meta":"","stick-header-meta":"","header-above-stick-meta":"","header-main-stick-meta":"","header-below-stick-meta":"","astra-migrate-meta-layouts":"set","ast-page-background-enabled":"default","ast-page-background-meta":{"desktop":{"background-color":"","background-image":"","background-repeat":"repeat","background-position":"center center","background-size":"auto","background-attachment":"scroll","background-type":"","background-media":"","overlay-type":"","overlay-color":"","overlay-gradient":""},"tablet":{"background-color":"","background-image":"","background-repeat":"repeat","background-position":"center center","background-size":"auto","background-attachment":"scroll","background-type":"","background-media":"","overlay-type":"","overlay-color":"","overlay-gradient":""},"mobile":{"background-color":"","background-image":"","background-repeat":"repeat","background-position":"center center","background-size":"auto","background-attachment":"scroll","background-type":"","background-media":"","overlay-type":"","overlay-color":"","overlay-gradient":""}},"ast-content-background-meta":{"desktop":{"background-color":"var(--ast-global-color-5)","background-image":"","background-repeat":"repeat","background-position":"center center","background-size":"auto","background-attachment":"scroll","background-type":"","background-media":"","overlay-type":"","overlay-color":"","overlay-gradient":""},"tablet":{"background-color":"var(--ast-global-color-5)","background-image":"","background-repeat":"repeat","background-position":"center center","background-size":"auto","background-attachment":"scroll","background-type":"","background-media":"","overlay-type":"","overlay-color":"","overlay-gradient":""},"mobile":{"background-color":"var(--ast-global-color-5)","background-image":"","background-repeat":"repeat","background-position":"center center","background-size":"auto","background-attachment":"scroll","background-type":"","background-media":"","overlay-type":"","overlay-color":"","overlay-gradient":""}},"footnotes":""},"class_list":["post-25971","page","type-page","status-publish","hentry"],"yoast_head":"<!-- This site is optimized with the Yoast SEO plugin v23.0 - https:\/\/yoast.com\/wordpress\/plugins\/seo\/ -->\n<title>Teenused | Wiola O\u00dc - K\u00f5ik PVC lahendused \u00fchest kohast<\/title>\n<meta name=\"description\" content=\"Vastupidavad PVC hallid, katted, vaheseinad, kangasuksed ja laokardinad. Valmistame k\u00f5ik tooted vastavalt kliendi soovidele. Aitame Teil leida parima lahenduse!\" \/>\n<meta name=\"robots\" content=\"index, follow, max-snippet:-1, max-image-preview:large, max-video-preview:-1\" \/>\n<link rel=\"canonical\" href=\"https:\/\/www.wiola.ee\/fi\/palvelut\/\" \/>\n<meta property=\"og:locale\" content=\"fi_FI\" \/>\n<meta property=\"og:type\" content=\"article\" \/>\n<meta property=\"og:title\" content=\"Teenused | Wiola O\u00dc - K\u00f5ik PVC lahendused \u00fchest kohast\" \/>\n<meta property=\"og:description\" content=\"Vastupidavad PVC hallid, katted, vaheseinad, kangasuksed ja laokardinad. Valmistame k\u00f5ik tooted vastavalt kliendi soovidele. Aitame Teil leida parima lahenduse!\" \/>\n<meta property=\"og:url\" content=\"https:\/\/www.wiola.ee\/fi\/palvelut\/\" \/>\n<meta property=\"og:site_name\" content=\"Wiola O\u00dc - K\u00f5ik PVC lahendused \u00fchest kohast\" \/>\n<meta property=\"article:publisher\" content=\"https:\/\/www.facebook.com\/WiolaHallid\" \/>\n<meta property=\"article:modified_time\" content=\"2024-03-08T07:46:43+00:00\" \/>\n<meta property=\"og:image\" content=\"https:\/\/www.wiola.ee\/wp-content\/uploads\/2021\/03\/DSC_6132-uus-1024x668.jpg\" \/>\n<meta name=\"twitter:card\" content=\"summary_large_image\" \/>\n<meta name=\"twitter:label1\" content=\"Arvioitu lukuaika\" \/>\n\t<meta name=\"twitter:data1\" content=\"2 minuuttia\" \/>\n<script type=\"application\/ld+json\" class=\"yoast-schema-graph\">{\"@context\":\"https:\/\/schema.org\",\"@graph\":[{\"@type\":\"WebPage\",\"@id\":\"https:\/\/www.wiola.ee\/teenused\/\",\"url\":\"https:\/\/www.wiola.ee\/teenused\/\",\"name\":\"Teenused | Wiola O\u00dc - K\u00f5ik PVC lahendused \u00fchest kohast\",\"isPartOf\":{\"@id\":\"https:\/\/www.wiola.ee\/#website\"},\"primaryImageOfPage\":{\"@id\":\"https:\/\/www.wiola.ee\/teenused\/#primaryimage\"},\"image\":{\"@id\":\"https:\/\/www.wiola.ee\/teenused\/#primaryimage\"},\"thumbnailUrl\":\"https:\/\/www.wiola.ee\/wp-content\/uploads\/2021\/03\/DSC_6132-uus-1024x668.jpg\",\"datePublished\":\"2021-03-11T20:50:42+00:00\",\"dateModified\":\"2024-03-08T07:46:43+00:00\",\"description\":\"Vastupidavad PVC hallid, katted, vaheseinad, kangasuksed ja laokardinad. Valmistame k\u00f5ik tooted vastavalt kliendi soovidele. Aitame Teil leida parima lahenduse!\",\"breadcrumb\":{\"@id\":\"https:\/\/www.wiola.ee\/teenused\/#breadcrumb\"},\"inLanguage\":\"fi\",\"potentialAction\":[{\"@type\":\"ReadAction\",\"target\":[\"https:\/\/www.wiola.ee\/teenused\/\"]}]},{\"@type\":\"ImageObject\",\"inLanguage\":\"fi\",\"@id\":\"https:\/\/www.wiola.ee\/teenused\/#primaryimage\",\"url\":\"https:\/\/www.wiola.ee\/wp-content\/uploads\/2021\/03\/DSC_6132-uus-1024x668.jpg\",\"contentUrl\":\"https:\/\/www.wiola.ee\/wp-content\/uploads\/2021\/03\/DSC_6132-uus-1024x668.jpg\"},{\"@type\":\"BreadcrumbList\",\"@id\":\"https:\/\/www.wiola.ee\/teenused\/#breadcrumb\",\"itemListElement\":[{\"@type\":\"ListItem\",\"position\":1,\"name\":\"Home\",\"item\":\"https:\/\/www.wiola.ee\/\"},{\"@type\":\"ListItem\",\"position\":2,\"name\":\"Teenused\"}]},{\"@type\":\"WebSite\",\"@id\":\"https:\/\/www.wiola.ee\/#website\",\"url\":\"https:\/\/www.wiola.ee\/\",\"name\":\"Wiola O\u00dc\",\"description\":\"K\u00f5ik PVC lahendused \u00fchest kohast\",\"publisher\":{\"@id\":\"https:\/\/www.wiola.ee\/#organization\"},\"potentialAction\":[{\"@type\":\"SearchAction\",\"target\":{\"@type\":\"EntryPoint\",\"urlTemplate\":\"https:\/\/www.wiola.ee\/?s={search_term_string}\"},\"query-input\":\"required name=search_term_string\"}],\"inLanguage\":\"fi\"},{\"@type\":\"Organization\",\"@id\":\"https:\/\/www.wiola.ee\/#organization\",\"name\":\"Wiola O\u00dc\",\"url\":\"https:\/\/www.wiola.ee\/\",\"logo\":{\"@type\":\"ImageObject\",\"inLanguage\":\"fi\",\"@id\":\"https:\/\/www.wiola.ee\/#\/schema\/logo\/image\/\",\"url\":\"https:\/\/www.wiola.ee\/wp-content\/uploads\/2021\/03\/wiola.png\",\"contentUrl\":\"https:\/\/www.wiola.ee\/wp-content\/uploads\/2021\/03\/wiola.png\",\"width\":1402,\"height\":311,\"caption\":\"Wiola O\u00dc\"},\"image\":{\"@id\":\"https:\/\/www.wiola.ee\/#\/schema\/logo\/image\/\"},\"sameAs\":[\"https:\/\/www.facebook.com\/WiolaHallid\"]}]}<\/script>\n<!-- \/ Yoast SEO plugin. -->","yoast_head_json":{"title":"Palvelut | Wiola O\u00dc - Kaikki PVC-ratkaisut yhdest\u00e4 paikasta","description":"Kest\u00e4v\u00e4t PVC-hallit, -p\u00e4\u00e4llysteet, -v\u00e4lisein\u00e4t, kangasovet ja varastoverhot. Valmistamme kaikki tuotteet asiakkaan vaatimusten mukaisesti. Autamme sinua l\u00f6yt\u00e4m\u00e4\u00e4n parhaan ratkaisun!","robots":{"index":"index","follow":"follow","max-snippet":"max-snippet:-1","max-image-preview":"max-image-preview:large","max-video-preview":"max-video-preview:-1"},"canonical":"https:\/\/www.wiola.ee\/fi\/palvelut\/","og_locale":"fi_FI","og_type":"article","og_title":"Teenused | Wiola O\u00dc - K\u00f5ik PVC lahendused \u00fchest kohast","og_description":"Vastupidavad PVC hallid, katted, vaheseinad, kangasuksed ja laokardinad. Valmistame k\u00f5ik tooted vastavalt kliendi soovidele. Aitame Teil leida parima lahenduse!","og_url":"https:\/\/www.wiola.ee\/fi\/palvelut\/","og_site_name":"Wiola O\u00dc - K\u00f5ik PVC lahendused \u00fchest kohast","article_publisher":"https:\/\/www.facebook.com\/WiolaHallid","article_modified_time":"2024-03-08T07:46:43+00:00","og_image":[{"url":"https:\/\/www.wiola.ee\/wp-content\/uploads\/2021\/03\/DSC_6132-uus-1024x668.jpg"}],"twitter_card":"summary_large_image","twitter_misc":{"Arvioitu lukuaika":"2 minuuttia"},"schema":{"@context":"https:\/\/schema.org","@graph":[{"@type":"WebPage","@id":"https:\/\/www.wiola.ee\/teenused\/","url":"https:\/\/www.wiola.ee\/teenused\/","name":"Palvelut | Wiola O\u00dc - Kaikki PVC-ratkaisut yhdest\u00e4 paikasta","isPartOf":{"@id":"https:\/\/www.wiola.ee\/#website"},"primaryImageOfPage":{"@id":"https:\/\/www.wiola.ee\/teenused\/#primaryimage"},"image":{"@id":"https:\/\/www.wiola.ee\/teenused\/#primaryimage"},"thumbnailUrl":"https:\/\/www.wiola.ee\/wp-content\/uploads\/2021\/03\/DSC_6132-uus-1024x668.jpg","datePublished":"2021-03-11T20:50:42+00:00","dateModified":"2024-03-08T07:46:43+00:00","description":"Kest\u00e4v\u00e4t PVC-hallit, -p\u00e4\u00e4llysteet, -v\u00e4lisein\u00e4t, kangasovet ja varastoverhot. Valmistamme kaikki tuotteet asiakkaan vaatimusten mukaisesti. Autamme sinua l\u00f6yt\u00e4m\u00e4\u00e4n parhaan ratkaisun!","breadcrumb":{"@id":"https:\/\/www.wiola.ee\/teenused\/#breadcrumb"},"inLanguage":"fi","potentialAction":[{"@type":"ReadAction","target":["https:\/\/www.wiola.ee\/teenused\/"]}]},{"@type":"ImageObject","inLanguage":"fi","@id":"https:\/\/www.wiola.ee\/teenused\/#primaryimage","url":"https:\/\/www.wiola.ee\/wp-content\/uploads\/2021\/03\/DSC_6132-uus-1024x668.jpg","contentUrl":"https:\/\/www.wiola.ee\/wp-content\/uploads\/2021\/03\/DSC_6132-uus-1024x668.jpg"},{"@type":"BreadcrumbList","@id":"https:\/\/www.wiola.ee\/teenused\/#breadcrumb","itemListElement":[{"@type":"ListItem","position":1,"name":"Home","item":"https:\/\/www.wiola.ee\/"},{"@type":"ListItem","position":2,"name":"Teenused"}]},{"@type":"WebSite","@id":"https:\/\/www.wiola.ee\/#website","url":"https:\/\/www.wiola.ee\/","name":"Wiola O\u00dc","description":"Kaikki PVC-ratkaisut yhdest\u00e4 paikasta","publisher":{"@id":"https:\/\/www.wiola.ee\/#organization"},"potentialAction":[{"@type":"SearchAction","target":{"@type":"EntryPoint","urlTemplate":"https:\/\/www.wiola.ee\/?s={search_term_string}"},"query-input":"required name=search_term_string"}],"inLanguage":"fi"},{"@type":"Organization","@id":"https:\/\/www.wiola.ee\/#organization","name":"Wiola O\u00dc","url":"https:\/\/www.wiola.ee\/","logo":{"@type":"ImageObject","inLanguage":"fi","@id":"https:\/\/www.wiola.ee\/#\/schema\/logo\/image\/","url":"https:\/\/www.wiola.ee\/wp-content\/uploads\/2021\/03\/wiola.png","contentUrl":"https:\/\/www.wiola.ee\/wp-content\/uploads\/2021\/03\/wiola.png","width":1402,"height":311,"caption":"Wiola O\u00dc"},"image":{"@id":"https:\/\/www.wiola.ee\/#\/schema\/logo\/image\/"},"sameAs":["https:\/\/www.facebook.com\/WiolaHallid"]}]}},"rttpg_featured_image_url":null,"rttpg_author":{"display_name":"wiola","author_link":"https:\/\/www.wiola.ee\/fi\/juhendid\/author\/wiola\/"},"rttpg_comment":0,"rttpg_category":null,"rttpg_excerpt":"TEENUSED Projekteerimine Projekteerime PVC halli t\u00e4pselt Teie vajadusele ja m\u00f5\u00f5tudele. Meie projekteerijad koostavad nii ehitusloa jaoks vajaliku eelprojekti staadiumis ehitusprojekti kui ka p\u00f5hiprojekti ning vajadusel pakume abi kuni kasutusloani v\u00e4lja.&nbsp; K\u00f5ikide hallide projekteerimisel v\u00f5etakse arvesse halli asukohta, pinnast v\u00f5i alust, kuhu hall paigaldatakse, lumekoormust ja tuulekoormust vastavalt halli asukohale ja otstarvet, mida hallis hoidma hakatakse.&hellip;","_links":{"self":[{"href":"https:\/\/www.wiola.ee\/fi\/wp-json\/wp\/v2\/pages\/25971","targetHints":{"allow":["GET"]}}],"collection":[{"href":"https:\/\/www.wiola.ee\/fi\/wp-json\/wp\/v2\/pages"}],"about":[{"href":"https:\/\/www.wiola.ee\/fi\/wp-json\/wp\/v2\/types\/page"}],"author":[{"embeddable":true,"href":"https:\/\/www.wiola.ee\/fi\/wp-json\/wp\/v2\/users\/1"}],"replies":[{"embeddable":true,"href":"https:\/\/www.wiola.ee\/fi\/wp-json\/wp\/v2\/comments?post=25971"}],"version-history":[{"count":5,"href":"https:\/\/www.wiola.ee\/fi\/wp-json\/wp\/v2\/pages\/25971\/revisions"}],"predecessor-version":[{"id":27464,"href":"https:\/\/www.wiola.ee\/fi\/wp-json\/wp\/v2\/pages\/25971\/revisions\/27464"}],"wp:attachment":[{"href":"https:\/\/www.wiola.ee\/fi\/wp-json\/wp\/v2\/media?parent=25971"}],"curies":[{"name":"wp","href":"https:\/\/api.w.org\/{rel}","templated":true}]}}