{"id":25971,"date":"2021-03-11T20:50:42","date_gmt":"2021-03-11T20:50:42","guid":{"rendered":"https:\/\/wiola.ee\/?page_id=25971"},"modified":"2024-03-08T09:46:43","modified_gmt":"2024-03-08T07:46:43","slug":"services","status":"publish","type":"page","link":"https:\/\/www.wiola.ee\/en\/services\/","title":{"rendered":"Services"},"content":{"rendered":"<div data-elementor-type=\"wp-page\" data-elementor-id=\"25971\" class=\"elementor elementor-25971\">\n\t\t\t\t<div class=\"elementor-element elementor-element-404e199 e-flex e-con-boxed e-con e-parent\" data-id=\"404e199\" data-element_type=\"container\" data-e-type=\"container\">\n\t\t\t\t\t<div class=\"e-con-inner\">\n\t\t<div class=\"elementor-element elementor-element-0c01b6e e-flex e-con-boxed e-con e-child\" data-id=\"0c01b6e\" data-element_type=\"container\" data-e-type=\"container\">\n\t\t\t\t\t<div class=\"e-con-inner\">\n\t\t\t\t<div class=\"elementor-element elementor-element-9debf5a elementor-widget elementor-widget-heading\" data-id=\"9debf5a\" data-element_type=\"widget\" data-e-type=\"widget\" data-widget_type=\"heading.default\">\n\t\t\t\t<div class=\"elementor-widget-container\">\n\t\t\t\t\t<h1 class=\"elementor-heading-title elementor-size-default\">SERVICES<\/h1>\t\t\t\t<\/div>\n\t\t\t\t<\/div>\n\t\t\t\t\t<\/div>\n\t\t\t\t<\/div>\n\t\t\t\t\t<\/div>\n\t\t\t\t<\/div>\n\t\t\t\t<section class=\"elementor-section elementor-top-section elementor-element elementor-element-6fed55f2 elementor-section-boxed elementor-section-height-default elementor-section-height-default\" data-id=\"6fed55f2\" data-element_type=\"section\" data-e-type=\"section\">\n\t\t\t\t\t\t<div class=\"elementor-container elementor-column-gap-default\">\n\t\t\t\t\t<div class=\"elementor-column elementor-col-100 elementor-top-column elementor-element elementor-element-113d7552\" data-id=\"113d7552\" data-element_type=\"column\" data-e-type=\"column\">\n\t\t\t<div class=\"elementor-widget-wrap elementor-element-populated\">\n\t\t\t\t\t\t<div class=\"elementor-element elementor-element-8d8dbce elementor-widget elementor-widget-heading\" data-id=\"8d8dbce\" data-element_type=\"widget\" data-e-type=\"widget\" data-widget_type=\"heading.default\">\n\t\t\t\t<div class=\"elementor-widget-container\">\n\t\t\t\t\t<h2 class=\"elementor-heading-title elementor-size-default\">Designing<\/h2>\t\t\t\t<\/div>\n\t\t\t\t<\/div>\n\t\t\t\t<section class=\"elementor-section elementor-inner-section elementor-element elementor-element-302aa226 elementor-section-boxed elementor-section-height-default elementor-section-height-default\" data-id=\"302aa226\" data-element_type=\"section\" data-e-type=\"section\">\n\t\t\t\t\t\t<div class=\"elementor-container elementor-column-gap-default\">\n\t\t\t\t\t<div class=\"elementor-column elementor-col-50 elementor-inner-column elementor-element elementor-element-1f80fa2d\" data-id=\"1f80fa2d\" data-element_type=\"column\" data-e-type=\"column\">\n\t\t\t<div class=\"elementor-widget-wrap elementor-element-populated\">\n\t\t\t\t\t\t<div class=\"elementor-element elementor-element-2553de9d elementor-widget elementor-widget-text-editor\" data-id=\"2553de9d\" data-element_type=\"widget\" data-e-type=\"widget\" data-widget_type=\"text-editor.default\">\n\t\t\t\t<div class=\"elementor-widget-container\">\n\t\t\t\t\t\t\t\t\t<p class=\" translation-block\">We design PVC halls exactly for your <b>needs and dimensions<\/b>. Our designers prepare both the construction project and the main design at the preliminary design stage required for a building permit, <b>and if<\/b> necessary , we offer assistance until the <b>use permit<\/b>.<\/p>\n<p class=\" translation-block\">The design of all halls <b>shall take into account the location of the hall<\/b>, the <b>surface<\/b> or <b>base<\/b> on which the hall is installed, the <b>snow load<\/b> and the <b>wind load<\/b> according to the location of the hall and the <b>purpose<\/b> for which the hall will be stored. During design, we follow the <b>requirements<\/b> set by the <b>Rescue Board<\/b> and the suitability of the hall for the detailed plan.<\/p>\n<p class=\" translation-block\"><span style=\"font-weight: 400\">The metal frames of our halls are designed predominantly for <\/span><b>Estonian<\/b><span style=\"font-weight: 400\">or <\/span><b>Finnish climates<\/b><span style=\"font-weight: 400\">and therefore their weight is usually around <\/span><b>20 kg\/m2<\/b><span style=\"font-weight: 400\">per internal ground area of the hall. This also ensures the <\/span><b>possibility<\/b><span style=\"font-weight: 400\">of later <\/span><b>building the PVC hall around the insulated<\/b><span style=\"font-weight: 400\"> <\/span><b>hall<\/b><span style=\"font-weight: 400\">. Our halls are not lightweight halls for summer use, but <\/span><b>buildings<\/b><span style=\"font-weight: 400\">designed for <\/span><b>decades of use<\/b><span style=\"font-weight: 400\">.<\/span><\/p>\t\t\t\t\t\t\t\t<\/div>\n\t\t\t\t<\/div>\n\t\t\t\t\t<\/div>\n\t\t<\/div>\n\t\t\t\t<div class=\"elementor-column elementor-col-50 elementor-inner-column elementor-element elementor-element-5276eb93\" data-id=\"5276eb93\" data-element_type=\"column\" data-e-type=\"column\">\n\t\t\t<div class=\"elementor-widget-wrap elementor-element-populated\">\n\t\t\t\t\t\t<div class=\"elementor-element elementor-element-18df806 elementor-widget elementor-widget-image\" data-id=\"18df806\" data-element_type=\"widget\" data-e-type=\"widget\" data-widget_type=\"image.default\">\n\t\t\t\t<div class=\"elementor-widget-container\">\n\t\t\t\t\t\t\t\t\t\t\t\t\t\t\t<img fetchpriority=\"high\" decoding=\"async\" width=\"1024\" height=\"668\" src=\"https:\/\/www.wiola.ee\/wp-content\/uploads\/2021\/03\/DSC_6132-uus-1024x668.jpg\" class=\"attachment-large size-large wp-image-25086\" alt=\"design\" \/>\t\t\t\t\t\t\t\t\t\t\t\t\t\t\t<\/div>\n\t\t\t\t<\/div>\n\t\t\t\t\t<\/div>\n\t\t<\/div>\n\t\t\t\t\t<\/div>\n\t\t<\/section>\n\t\t\t\t\t<\/div>\n\t\t<\/div>\n\t\t\t\t\t<\/div>\n\t\t<\/section>\n\t\t\t\t<section class=\"elementor-section elementor-top-section elementor-element elementor-element-297d5d3c elementor-section-boxed elementor-section-height-default elementor-section-height-default\" data-id=\"297d5d3c\" data-element_type=\"section\" data-e-type=\"section\">\n\t\t\t\t\t\t<div class=\"elementor-container elementor-column-gap-default\">\n\t\t\t\t\t<div class=\"elementor-column elementor-col-100 elementor-top-column elementor-element elementor-element-2444f09e\" data-id=\"2444f09e\" data-element_type=\"column\" data-e-type=\"column\">\n\t\t\t<div class=\"elementor-widget-wrap elementor-element-populated\">\n\t\t\t\t\t\t<div class=\"elementor-element elementor-element-8b395fd elementor-widget elementor-widget-heading\" data-id=\"8b395fd\" data-element_type=\"widget\" data-e-type=\"widget\" data-widget_type=\"heading.default\">\n\t\t\t\t<div class=\"elementor-widget-container\">\n\t\t\t\t\t<h2 class=\"elementor-heading-title elementor-size-default\">Installation<\/h2>\t\t\t\t<\/div>\n\t\t\t\t<\/div>\n\t\t\t\t<section class=\"elementor-section elementor-inner-section elementor-element elementor-element-31206296 elementor-section-boxed elementor-section-height-default elementor-section-height-default\" data-id=\"31206296\" data-element_type=\"section\" data-e-type=\"section\">\n\t\t\t\t\t\t<div class=\"elementor-container elementor-column-gap-default\">\n\t\t\t\t\t<div class=\"elementor-column elementor-col-50 elementor-inner-column elementor-element elementor-element-308ed836\" data-id=\"308ed836\" data-element_type=\"column\" data-e-type=\"column\">\n\t\t\t<div class=\"elementor-widget-wrap elementor-element-populated\">\n\t\t\t\t\t\t<div class=\"elementor-element elementor-element-558bdf25 elementor-widget elementor-widget-text-editor\" data-id=\"558bdf25\" data-element_type=\"widget\" data-e-type=\"widget\" data-widget_type=\"text-editor.default\">\n\t\t\t\t<div class=\"elementor-widget-container\">\n\t\t\t\t\t\t\t\t\t<p class=\" translation-block\">PVC hall installation is <b>fast<\/b> compared to other buildings:<\/p><ul><li class=\" translation-block\"><b>The hall components are delivered to the asphalt<\/b> or <b>concrete base<\/b> prepared by the customer.<\/li><li class=\" translation-block\">The hall is firmly and firmly <b>anchored to the asphalt or concrete.<\/b><\/li><li class=\" translation-block\">Our installation team ensures <b>quality<\/b> and <b>safety on<\/b> the construction site.<\/li><\/ul>\t\t\t\t\t\t\t\t<\/div>\n\t\t\t\t<\/div>\n\t\t\t\t\t<\/div>\n\t\t<\/div>\n\t\t\t\t<div class=\"elementor-column elementor-col-50 elementor-inner-column elementor-element elementor-element-36df4926\" data-id=\"36df4926\" data-element_type=\"column\" data-e-type=\"column\">\n\t\t\t<div class=\"elementor-widget-wrap elementor-element-populated\">\n\t\t\t\t\t\t<div class=\"elementor-element elementor-element-227e7fd6 elementor-widget elementor-widget-image\" data-id=\"227e7fd6\" data-element_type=\"widget\" data-e-type=\"widget\" data-widget_type=\"image.default\">\n\t\t\t\t<div class=\"elementor-widget-container\">\n\t\t\t\t\t\t\t\t\t\t\t\t\t\t\t<img decoding=\"async\" width=\"1024\" height=\"768\" src=\"https:\/\/www.wiola.ee\/wp-content\/uploads\/2021\/03\/Vara-Tent-1024x768.jpg\" class=\"attachment-large size-large wp-image-25107\" alt=\"installation\" \/>\t\t\t\t\t\t\t\t\t\t\t\t\t\t\t<\/div>\n\t\t\t\t<\/div>\n\t\t\t\t\t<\/div>\n\t\t<\/div>\n\t\t\t\t\t<\/div>\n\t\t<\/section>\n\t\t\t\t\t<\/div>\n\t\t<\/div>\n\t\t\t\t\t<\/div>\n\t\t<\/section>\n\t\t\t\t<section class=\"elementor-section elementor-top-section elementor-element elementor-element-2a47a87 elementor-section-boxed elementor-section-height-default elementor-section-height-default\" data-id=\"2a47a87\" data-element_type=\"section\" data-e-type=\"section\">\n\t\t\t\t\t\t<div class=\"elementor-container elementor-column-gap-default\">\n\t\t\t\t\t<div class=\"elementor-column elementor-col-100 elementor-top-column elementor-element elementor-element-2f54048a\" data-id=\"2f54048a\" data-element_type=\"column\" data-e-type=\"column\">\n\t\t\t<div class=\"elementor-widget-wrap elementor-element-populated\">\n\t\t\t\t\t\t<div class=\"elementor-element elementor-element-11ce899 elementor-widget elementor-widget-heading\" data-id=\"11ce899\" data-element_type=\"widget\" data-e-type=\"widget\" data-widget_type=\"heading.default\">\n\t\t\t\t<div class=\"elementor-widget-container\">\n\t\t\t\t\t<h2 class=\"elementor-heading-title elementor-size-default\">Maintenance<\/h2>\t\t\t\t<\/div>\n\t\t\t\t<\/div>\n\t\t\t\t<section class=\"elementor-section elementor-inner-section elementor-element elementor-element-6d23c100 elementor-section-boxed elementor-section-height-default elementor-section-height-default\" data-id=\"6d23c100\" data-element_type=\"section\" data-e-type=\"section\">\n\t\t\t\t\t\t<div class=\"elementor-container elementor-column-gap-default\">\n\t\t\t\t\t<div class=\"elementor-column elementor-col-50 elementor-inner-column elementor-element elementor-element-56d8e254\" data-id=\"56d8e254\" data-element_type=\"column\" data-e-type=\"column\">\n\t\t\t<div class=\"elementor-widget-wrap elementor-element-populated\">\n\t\t\t\t\t\t<div class=\"elementor-element elementor-element-379a46a5 elementor-widget elementor-widget-text-editor\" data-id=\"379a46a5\" data-element_type=\"widget\" data-e-type=\"widget\" data-widget_type=\"text-editor.default\">\n\t\t\t\t<div class=\"elementor-widget-container\">\n\t\t\t\t\t\t\t\t\t<ul><li style=\"font-size: 14.592px;\" class=\" translation-block\">PVC hall maintenance costs are <b>low<\/b> and <b>easy to maintain<\/b>.<\/li><li style=\"font-size: 14.592px;\" class=\" translation-block\">Our team <b>carries out<\/b> all <b>repair<\/b>-<b>repair<\/b> work <b>associated with grey.<\/li><li style=\"font-size: 14.592px;\" class=\" translation-block\">After each maintenance job, we will <b>assess<\/b> the overall <b>condition<\/b> of your hall and <b>give professional advice<\/b> on the condition of your building.<\/li><\/ul>\t\t\t\t\t\t\t\t<\/div>\n\t\t\t\t<\/div>\n\t\t\t\t\t<\/div>\n\t\t<\/div>\n\t\t\t\t<div class=\"elementor-column elementor-col-50 elementor-inner-column elementor-element elementor-element-4b0c7708\" data-id=\"4b0c7708\" data-element_type=\"column\" data-e-type=\"column\">\n\t\t\t<div class=\"elementor-widget-wrap elementor-element-populated\">\n\t\t\t\t\t\t<div class=\"elementor-element elementor-element-21d5e65c elementor-widget elementor-widget-image\" data-id=\"21d5e65c\" data-element_type=\"widget\" data-e-type=\"widget\" data-widget_type=\"image.default\">\n\t\t\t\t<div class=\"elementor-widget-container\">\n\t\t\t\t\t\t\t\t\t\t\t\t\t\t\t<img decoding=\"async\" width=\"1024\" height=\"684\" src=\"https:\/\/www.wiola.ee\/wp-content\/uploads\/2021\/03\/DSC01230-1024x684.jpg\" class=\"attachment-large size-large wp-image-25087\" alt=\"Maintenance\" \/>\t\t\t\t\t\t\t\t\t\t\t\t\t\t\t<\/div>\n\t\t\t\t<\/div>\n\t\t\t\t\t<\/div>\n\t\t<\/div>\n\t\t\t\t\t<\/div>\n\t\t<\/section>\n\t\t\t\t\t<\/div>\n\t\t<\/div>\n\t\t\t\t\t<\/div>\n\t\t<\/section>\n\t\t\t\t<\/div>","protected":false},"excerpt":{"rendered":"<p>TEENUSED Projekteerimine Projekteerime PVC halli t\u00e4pselt Teie vajadusele ja m\u00f5\u00f5tudele. Meie projekteerijad koostavad nii ehitusloa jaoks vajaliku eelprojekti staadiumis ehitusprojekti kui ka p\u00f5hiprojekti ning vajadusel pakume abi kuni kasutusloani v\u00e4lja.&nbsp; K\u00f5ikide hallide projekteerimisel v\u00f5etakse arvesse halli asukohta, pinnast v\u00f5i alust, kuhu hall paigaldatakse, lumekoormust ja tuulekoormust vastavalt halli asukohale ja otstarvet, mida hallis hoidma hakatakse. [&hellip;]<\/p>\n","protected":false},"author":1,"featured_media":0,"parent":0,"menu_order":0,"comment_status":"closed","ping_status":"closed","template":"","meta":{"site-sidebar-layout":"no-sidebar","site-content-layout":"page-builder","ast-site-content-layout":"full-width-container","site-content-style":"unboxed","site-sidebar-style":"unboxed","ast-global-header-display":"","ast-banner-title-visibility":"","ast-main-header-display":"","ast-hfb-above-header-display":"","ast-hfb-below-header-display":"","ast-hfb-mobile-header-display":"","site-post-title":"disabled","ast-breadcrumbs-content":"","ast-featured-img":"disabled","footer-sml-layout":"","theme-transparent-header-meta":"default","adv-header-id-meta":"","stick-header-meta":"","header-above-stick-meta":"","header-main-stick-meta":"","header-below-stick-meta":"","astra-migrate-meta-layouts":"set","ast-page-background-enabled":"default","ast-page-background-meta":{"desktop":{"background-color":"","background-image":"","background-repeat":"repeat","background-position":"center center","background-size":"auto","background-attachment":"scroll","background-type":"","background-media":"","overlay-type":"","overlay-color":"","overlay-gradient":""},"tablet":{"background-color":"","background-image":"","background-repeat":"repeat","background-position":"center center","background-size":"auto","background-attachment":"scroll","background-type":"","background-media":"","overlay-type":"","overlay-color":"","overlay-gradient":""},"mobile":{"background-color":"","background-image":"","background-repeat":"repeat","background-position":"center center","background-size":"auto","background-attachment":"scroll","background-type":"","background-media":"","overlay-type":"","overlay-color":"","overlay-gradient":""}},"ast-content-background-meta":{"desktop":{"background-color":"var(--ast-global-color-5)","background-image":"","background-repeat":"repeat","background-position":"center center","background-size":"auto","background-attachment":"scroll","background-type":"","background-media":"","overlay-type":"","overlay-color":"","overlay-gradient":""},"tablet":{"background-color":"var(--ast-global-color-5)","background-image":"","background-repeat":"repeat","background-position":"center center","background-size":"auto","background-attachment":"scroll","background-type":"","background-media":"","overlay-type":"","overlay-color":"","overlay-gradient":""},"mobile":{"background-color":"var(--ast-global-color-5)","background-image":"","background-repeat":"repeat","background-position":"center center","background-size":"auto","background-attachment":"scroll","background-type":"","background-media":"","overlay-type":"","overlay-color":"","overlay-gradient":""}},"footnotes":""},"class_list":["post-25971","page","type-page","status-publish","hentry"],"yoast_head":"<!-- This site is optimized with the Yoast SEO plugin v23.0 - https:\/\/yoast.com\/wordpress\/plugins\/seo\/ -->\n<title>Teenused | Wiola O\u00dc - K\u00f5ik PVC lahendused \u00fchest kohast<\/title>\n<meta name=\"description\" content=\"Vastupidavad PVC hallid, katted, vaheseinad, kangasuksed ja laokardinad. Valmistame k\u00f5ik tooted vastavalt kliendi soovidele. Aitame Teil leida parima lahenduse!\" \/>\n<meta name=\"robots\" content=\"index, follow, max-snippet:-1, max-image-preview:large, max-video-preview:-1\" \/>\n<link rel=\"canonical\" href=\"https:\/\/www.wiola.ee\/en\/services\/\" \/>\n<meta property=\"og:locale\" content=\"en_US\" \/>\n<meta property=\"og:type\" content=\"article\" \/>\n<meta property=\"og:title\" content=\"Teenused | Wiola O\u00dc - K\u00f5ik PVC lahendused \u00fchest kohast\" \/>\n<meta property=\"og:description\" content=\"Vastupidavad PVC hallid, katted, vaheseinad, kangasuksed ja laokardinad. Valmistame k\u00f5ik tooted vastavalt kliendi soovidele. Aitame Teil leida parima lahenduse!\" \/>\n<meta property=\"og:url\" content=\"https:\/\/www.wiola.ee\/en\/services\/\" \/>\n<meta property=\"og:site_name\" content=\"Wiola O\u00dc - K\u00f5ik PVC lahendused \u00fchest kohast\" \/>\n<meta property=\"article:publisher\" content=\"https:\/\/www.facebook.com\/WiolaHallid\" \/>\n<meta property=\"article:modified_time\" content=\"2024-03-08T07:46:43+00:00\" \/>\n<meta property=\"og:image\" content=\"https:\/\/www.wiola.ee\/wp-content\/uploads\/2021\/03\/DSC_6132-uus-1024x668.jpg\" \/>\n<meta name=\"twitter:card\" content=\"summary_large_image\" \/>\n<meta name=\"twitter:label1\" content=\"Est. reading time\" \/>\n\t<meta name=\"twitter:data1\" content=\"2 minutes\" \/>\n<script type=\"application\/ld+json\" class=\"yoast-schema-graph\">{\"@context\":\"https:\/\/schema.org\",\"@graph\":[{\"@type\":\"WebPage\",\"@id\":\"https:\/\/www.wiola.ee\/teenused\/\",\"url\":\"https:\/\/www.wiola.ee\/teenused\/\",\"name\":\"Teenused | Wiola O\u00dc - K\u00f5ik PVC lahendused \u00fchest kohast\",\"isPartOf\":{\"@id\":\"https:\/\/www.wiola.ee\/#website\"},\"primaryImageOfPage\":{\"@id\":\"https:\/\/www.wiola.ee\/teenused\/#primaryimage\"},\"image\":{\"@id\":\"https:\/\/www.wiola.ee\/teenused\/#primaryimage\"},\"thumbnailUrl\":\"https:\/\/www.wiola.ee\/wp-content\/uploads\/2021\/03\/DSC_6132-uus-1024x668.jpg\",\"datePublished\":\"2021-03-11T20:50:42+00:00\",\"dateModified\":\"2024-03-08T07:46:43+00:00\",\"description\":\"Vastupidavad PVC hallid, katted, vaheseinad, kangasuksed ja laokardinad. Valmistame k\u00f5ik tooted vastavalt kliendi soovidele. Aitame Teil leida parima lahenduse!\",\"breadcrumb\":{\"@id\":\"https:\/\/www.wiola.ee\/teenused\/#breadcrumb\"},\"inLanguage\":\"en-US\",\"potentialAction\":[{\"@type\":\"ReadAction\",\"target\":[\"https:\/\/www.wiola.ee\/teenused\/\"]}]},{\"@type\":\"ImageObject\",\"inLanguage\":\"en-US\",\"@id\":\"https:\/\/www.wiola.ee\/teenused\/#primaryimage\",\"url\":\"https:\/\/www.wiola.ee\/wp-content\/uploads\/2021\/03\/DSC_6132-uus-1024x668.jpg\",\"contentUrl\":\"https:\/\/www.wiola.ee\/wp-content\/uploads\/2021\/03\/DSC_6132-uus-1024x668.jpg\"},{\"@type\":\"BreadcrumbList\",\"@id\":\"https:\/\/www.wiola.ee\/teenused\/#breadcrumb\",\"itemListElement\":[{\"@type\":\"ListItem\",\"position\":1,\"name\":\"Home\",\"item\":\"https:\/\/www.wiola.ee\/\"},{\"@type\":\"ListItem\",\"position\":2,\"name\":\"Teenused\"}]},{\"@type\":\"WebSite\",\"@id\":\"https:\/\/www.wiola.ee\/#website\",\"url\":\"https:\/\/www.wiola.ee\/\",\"name\":\"Wiola O\u00dc\",\"description\":\"K\u00f5ik PVC lahendused \u00fchest kohast\",\"publisher\":{\"@id\":\"https:\/\/www.wiola.ee\/#organization\"},\"potentialAction\":[{\"@type\":\"SearchAction\",\"target\":{\"@type\":\"EntryPoint\",\"urlTemplate\":\"https:\/\/www.wiola.ee\/?s={search_term_string}\"},\"query-input\":\"required name=search_term_string\"}],\"inLanguage\":\"en-US\"},{\"@type\":\"Organization\",\"@id\":\"https:\/\/www.wiola.ee\/#organization\",\"name\":\"Wiola O\u00dc\",\"url\":\"https:\/\/www.wiola.ee\/\",\"logo\":{\"@type\":\"ImageObject\",\"inLanguage\":\"en-US\",\"@id\":\"https:\/\/www.wiola.ee\/#\/schema\/logo\/image\/\",\"url\":\"https:\/\/www.wiola.ee\/wp-content\/uploads\/2021\/03\/wiola.png\",\"contentUrl\":\"https:\/\/www.wiola.ee\/wp-content\/uploads\/2021\/03\/wiola.png\",\"width\":1402,\"height\":311,\"caption\":\"Wiola O\u00dc\"},\"image\":{\"@id\":\"https:\/\/www.wiola.ee\/#\/schema\/logo\/image\/\"},\"sameAs\":[\"https:\/\/www.facebook.com\/WiolaHallid\"]}]}<\/script>\n<!-- \/ Yoast SEO plugin. -->","yoast_head_json":{"title":"Services | Wiola O\u00dc - All PVC solutions from one place","description":"Durable PVC halls, coverings, partitions, fabric doors and storage curtains. We manufacture all products according to the customer's requirements. We will help you find the best solution!","robots":{"index":"index","follow":"follow","max-snippet":"max-snippet:-1","max-image-preview":"max-image-preview:large","max-video-preview":"max-video-preview:-1"},"canonical":"https:\/\/www.wiola.ee\/en\/services\/","og_locale":"en_US","og_type":"article","og_title":"Teenused | Wiola O\u00dc - K\u00f5ik PVC lahendused \u00fchest kohast","og_description":"Vastupidavad PVC hallid, katted, vaheseinad, kangasuksed ja laokardinad. Valmistame k\u00f5ik tooted vastavalt kliendi soovidele. Aitame Teil leida parima lahenduse!","og_url":"https:\/\/www.wiola.ee\/en\/services\/","og_site_name":"Wiola O\u00dc - K\u00f5ik PVC lahendused \u00fchest kohast","article_publisher":"https:\/\/www.facebook.com\/WiolaHallid","article_modified_time":"2024-03-08T07:46:43+00:00","og_image":[{"url":"https:\/\/www.wiola.ee\/wp-content\/uploads\/2021\/03\/DSC_6132-uus-1024x668.jpg"}],"twitter_card":"summary_large_image","twitter_misc":{"Est. reading time":"2 minutes"},"schema":{"@context":"https:\/\/schema.org","@graph":[{"@type":"WebPage","@id":"https:\/\/www.wiola.ee\/teenused\/","url":"https:\/\/www.wiola.ee\/teenused\/","name":"Services | Wiola O\u00dc - All PVC solutions from one place","isPartOf":{"@id":"https:\/\/www.wiola.ee\/#website"},"primaryImageOfPage":{"@id":"https:\/\/www.wiola.ee\/teenused\/#primaryimage"},"image":{"@id":"https:\/\/www.wiola.ee\/teenused\/#primaryimage"},"thumbnailUrl":"https:\/\/www.wiola.ee\/wp-content\/uploads\/2021\/03\/DSC_6132-uus-1024x668.jpg","datePublished":"2021-03-11T20:50:42+00:00","dateModified":"2024-03-08T07:46:43+00:00","description":"Durable PVC halls, coverings, partitions, fabric doors and storage curtains. We manufacture all products according to the customer's requirements. We will help you find the best solution!","breadcrumb":{"@id":"https:\/\/www.wiola.ee\/teenused\/#breadcrumb"},"inLanguage":"en-US","potentialAction":[{"@type":"ReadAction","target":["https:\/\/www.wiola.ee\/teenused\/"]}]},{"@type":"ImageObject","inLanguage":"en-US","@id":"https:\/\/www.wiola.ee\/teenused\/#primaryimage","url":"https:\/\/www.wiola.ee\/wp-content\/uploads\/2021\/03\/DSC_6132-uus-1024x668.jpg","contentUrl":"https:\/\/www.wiola.ee\/wp-content\/uploads\/2021\/03\/DSC_6132-uus-1024x668.jpg"},{"@type":"BreadcrumbList","@id":"https:\/\/www.wiola.ee\/teenused\/#breadcrumb","itemListElement":[{"@type":"ListItem","position":1,"name":"Home","item":"https:\/\/www.wiola.ee\/"},{"@type":"ListItem","position":2,"name":"Teenused"}]},{"@type":"WebSite","@id":"https:\/\/www.wiola.ee\/#website","url":"https:\/\/www.wiola.ee\/","name":"Wiola O\u00dc","description":"All PVC solutions from one place","publisher":{"@id":"https:\/\/www.wiola.ee\/#organization"},"potentialAction":[{"@type":"SearchAction","target":{"@type":"EntryPoint","urlTemplate":"https:\/\/www.wiola.ee\/?s={search_term_string}"},"query-input":"required name=search_term_string"}],"inLanguage":"en-US"},{"@type":"Organization","@id":"https:\/\/www.wiola.ee\/#organization","name":"Wiola O\u00dc","url":"https:\/\/www.wiola.ee\/","logo":{"@type":"ImageObject","inLanguage":"en-US","@id":"https:\/\/www.wiola.ee\/#\/schema\/logo\/image\/","url":"https:\/\/www.wiola.ee\/wp-content\/uploads\/2021\/03\/wiola.png","contentUrl":"https:\/\/www.wiola.ee\/wp-content\/uploads\/2021\/03\/wiola.png","width":1402,"height":311,"caption":"Wiola O\u00dc"},"image":{"@id":"https:\/\/www.wiola.ee\/#\/schema\/logo\/image\/"},"sameAs":["https:\/\/www.facebook.com\/WiolaHallid"]}]}},"rttpg_featured_image_url":null,"rttpg_author":{"display_name":"wiola","author_link":"https:\/\/www.wiola.ee\/en\/juhendid\/author\/wiola\/"},"rttpg_comment":0,"rttpg_category":null,"rttpg_excerpt":"TEENUSED Projekteerimine Projekteerime PVC halli t\u00e4pselt Teie vajadusele ja m\u00f5\u00f5tudele. Meie projekteerijad koostavad nii ehitusloa jaoks vajaliku eelprojekti staadiumis ehitusprojekti kui ka p\u00f5hiprojekti ning vajadusel pakume abi kuni kasutusloani v\u00e4lja.&nbsp; K\u00f5ikide hallide projekteerimisel v\u00f5etakse arvesse halli asukohta, pinnast v\u00f5i alust, kuhu hall paigaldatakse, lumekoormust ja tuulekoormust vastavalt halli asukohale ja otstarvet, mida hallis hoidma hakatakse.&hellip;","_links":{"self":[{"href":"https:\/\/www.wiola.ee\/en\/wp-json\/wp\/v2\/pages\/25971","targetHints":{"allow":["GET"]}}],"collection":[{"href":"https:\/\/www.wiola.ee\/en\/wp-json\/wp\/v2\/pages"}],"about":[{"href":"https:\/\/www.wiola.ee\/en\/wp-json\/wp\/v2\/types\/page"}],"author":[{"embeddable":true,"href":"https:\/\/www.wiola.ee\/en\/wp-json\/wp\/v2\/users\/1"}],"replies":[{"embeddable":true,"href":"https:\/\/www.wiola.ee\/en\/wp-json\/wp\/v2\/comments?post=25971"}],"version-history":[{"count":5,"href":"https:\/\/www.wiola.ee\/en\/wp-json\/wp\/v2\/pages\/25971\/revisions"}],"predecessor-version":[{"id":27464,"href":"https:\/\/www.wiola.ee\/en\/wp-json\/wp\/v2\/pages\/25971\/revisions\/27464"}],"wp:attachment":[{"href":"https:\/\/www.wiola.ee\/en\/wp-json\/wp\/v2\/media?parent=25971"}],"curies":[{"name":"wp","href":"https:\/\/api.w.org\/{rel}","templated":true}]}}